{"id":6896,"date":"2024-10-07T11:45:46","date_gmt":"2024-10-07T18:45:46","guid":{"rendered":"https:\/\/www.leanpath.com\/ueber\/"},"modified":"2024-10-07T11:45:47","modified_gmt":"2024-10-07T18:45:47","slug":"ueber","status":"publish","type":"page","link":"https:\/\/www.leanpath.com\/de\/ueber\/","title":{"rendered":"\u00dcber"},"content":{"rendered":"\n<div class=\"wp-block-leanpathblocks-page-hero lp-block lp-block--violet parallax-bg-js\" data-bg=\"https:\/\/www.leanpath.com\/wp-content\/uploads\/2024\/08\/240424_372_LP_idX_4Bry-04-1.png\" style=\"background-image:url(https:\/\/www.leanpath.com\/wp-content\/uploads\/2024\/08\/240424_372_LP_idX_4Bry-04-1.png )\"><div class=\"o-container\"><h3 class=\"block-heading h1 h1--big u-ta-center u-hide-on-small block-heading--light\">Auf der Mission, die Vermeidung von Lebensmittelabf\u00e4llen zur allt\u00e4glichen Praxis zu machen.<\/h3><\/div><\/div>\n\n<div class=\"wp-block-leanpathblocks-half-image-2-3 lp-block lp-block--no-padding@mobile wp-block-leanpathblocks-half-image-2-3--right\"><div class=\"wp-block-leanpathblocks-half-image-2-3__content\"><div class=\"wp-block-leanpathblocks-half-image-2-3__content-wrap\"><h3 class=\"wp-block-leanpathblocks-half-image-2-3__heading block-heading h1 u-show-on-small\">On a mission to make food waste prevention everyday practice.<\/h3><div class=\"wp-block-leanpathblocks-half-image-2-3__text block-text\">\n<p class=\"wp-block-leanpathblocks-paragraph\">Leanpath wurde 2004 gegr\u00fcndet, um ein kritisches Problem zu l\u00f6sen: die ausufernde Lebensmittelverschwendung in der Gastronomiebranche.<\/p>\n\n\n\n<p class=\"wp-block-leanpathblocks-paragraph\">Heute ist Leanpath eine eingetragene B-Corp und f\u00fchrend in seiner Kategorie.\nWir arbeiten mit Tausenden von K\u00fcchen in mehr als 45 L\u00e4ndern zusammen und haben \u00fcber 100 Millionen Pfund Lebensmittelabf\u00e4lle vermieden.\nIn den 20 Jahren unseres globalen Engagements haben wir das Bewusstsein f\u00fcr die finanziellen, \u00f6kologischen und sozialen Kosten der Lebensmittelverschwendung gesch\u00e4rft.  <\/p>\n\n\n\n<p class=\"wp-block-leanpathblocks-paragraph\">Unser globales Team besteht aus Kulinarikern, Foodservice-Experten, Technologen, Nachhaltigkeitsf\u00fchrern und Analysten, die ein einziges Ziel verfolgen: die vollst\u00e4ndige Beseitigung der weltweiten Lebensmittelverschwendung.<\/p>\n<\/div><\/div><\/div><div class=\"wp-block-leanpathblocks-half-image-2-3__image\"><img decoding=\"async\" src=\"https:\/\/www.leanpath.com\/wp-content\/uploads\/2024\/08\/Screenshot-2024-04-19-at-4.38-2-1.jpg\" alt=\"A person wearing an apron with the Leanpath logo on it\" data-id=\"5554\" class=\"wp-block-leanpathblocks-half-image-2-3__image-desktop\"\/><img decoding=\"async\" src=\"https:\/\/www.leanpath.com\/wp-content\/uploads\/2024\/08\/about-mobile.png\" alt=\"A person wearing an apron with the Leanpath logo on it\" class=\"wp-block-leanpathblocks-half-image-2-3__image-mobile\"\/><\/div><\/div>\n\n<div class=\"wp-block-leanpathblocks-content-grid lp-block lp-block--dark-green lp-block--t-full-b-full lp-block--t-full-b-full@mobile\"><div class=\"o-container\"><h3 class=\"block-heading block-heading--light u-ta-left h2 h2@mobile\">Our Values<\/h3><div class=\"wp-block-leanpathblocks-content-grid__grid content-grid content-grid--col-3\">\n<div class=\"wp-block-leanpathblocks-content-grid-item content-grid-item\"><div class=\"content-grid-item__title h5 h5--green\">Antrieb &amp; Produktivit\u00e4t<\/div><div class=\"content-grid-item__text block-text block-text--light\"><p>Wir sind engagiert, flei\u00dfig,<br>wettbewerbsf\u00e4hig und handeln mit<br>Dringlichkeit.<\/p><\/div><\/div>\n\n\n\n<div class=\"wp-block-leanpathblocks-content-grid-item content-grid-item\"><div class=\"content-grid-item__title h5 h5--green\">Exzellenz<\/div><div class=\"content-grid-item__text block-text block-text--light\"><p>Wir streben nach Exzellenz, Qualit\u00e4t und Politur an jedem wichtigen Punkt unseres Gesch\u00e4fts.<\/p><\/div><\/div>\n\n\n\n<div class=\"wp-block-leanpathblocks-content-grid-item content-grid-item\"><div class=\"content-grid-item__title h5 h5--green\">Fairness<\/div><div class=\"content-grid-item__text block-text block-text--light\"><p>Wir sind wahrhaftig, respektvoll und f\u00fchren mit Integrit\u00e4t.<\/p><\/div><\/div>\n\n\n\n<div class=\"wp-block-leanpathblocks-content-grid-item content-grid-item\"><div class=\"content-grid-item__title h5 h5--green\">Bescheidenheit<\/div><div class=\"content-grid-item__text block-text block-text--light\"><p>Es gibt keinen Platz f\u00fcr Ego; wir verbinden Selbstvertrauen mit einer Wachstumsmentalit\u00e4t.<\/p><\/div><\/div>\n\n\n\n<div class=\"wp-block-leanpathblocks-content-grid-item content-grid-item\"><div class=\"content-grid-item__title h5 h5--green\">Freundlichkeit<\/div><div class=\"content-grid-item__text block-text block-text--light\"><p>Wir unterst\u00fctzen uns gegenseitig dabei, unser bestes Selbst zu werden.<\/p><\/div><\/div>\n\n\n\n<div class=\"wp-block-leanpathblocks-content-grid-item content-grid-item\"><div class=\"content-grid-item__title h5 h5--green\">Teamarbeit<\/div><div class=\"content-grid-item__text block-text block-text--light\"><p>Wir sind One Leanpath und arbeiten auf der ganzen Welt an unserer Mission.<\/p><\/div><\/div>\n<\/div><\/div><\/div>\n\n<div class=\"wp-block-leanpathblocks-founder-block lp-block lp-block--full-padding\"><div class=\"o-container\"><h3 class=\"block-heading h1 u-ta-center\">Leanpath\u2019s Founder<\/h3><div class=\"wp-block-leanpathblocks-founder-block__wrap founder-block-wrap founder-block-wrap--40-60\"><div class=\"founder-block-wrap__image founder-block-wrap__image--round\"><img decoding=\"async\" src=\"https:\/\/www.leanpath.com\/wp-content\/uploads\/2024\/08\/3-Image-Block-founder.png\" alt=\"Andrew Shakman portrait\" data-id=\"5394\"\/><\/div><div class=\"founder-block-wrap__content\"><div class=\"founder-block-wrap__text block-text\">\n<p class=\"wp-block-leanpathblocks-paragraph\"><strong>Andrew Shakman<\/strong>&nbsp;ist CEO und Gr\u00fcnder von Leanpath.\nVon Anfang an hat Andrew Shakman daran gearbeitet, die globale Bewegung zur Bek\u00e4mpfung der Lebensmittelverschwendung voranzutreiben. <\/p>\n\n\n\n<p class=\"wp-block-leanpathblocks-paragraph\">\u00dcber ihn wurde in BusinessWeek, NPR, Forbes und Fast Company berichtet.\nEr hat bei der Weltbank, der Ern\u00e4hrungs- und Landwirtschaftsorganisation der Vereinten Nationen, dem Culinary Institute of America, Harvard und auf Hunderten von anderen B\u00fchnen gesprochen. <\/p>\n<\/div><div class=\"founder-block-wrap__btn-wrap u-btn-wrap\"><a href=\"https:\/\/www.linkedin.com\/in\/andrew-shakman-3861\/ \" class=\"button button--purple-border-white button--slim\">Connect With Andrew<\/a><\/div><\/div><\/div><\/div><\/div>\n\n<div class=\"wp-block-leanpathblocks-testimonials-slider lp-block lp-block--eggshell lp-block--t-full-b-full lp-block--t-full-b-full@mobile\" id=\"leanpathteam\"><div class=\"o-container\"><div class=\"wp-block-leanpathblocks-testimonials-slider__title\"><h3 class=\"block-heading u-ta-left h2 h2@mobile\">A glimpse into our culture, in the words of<br>our team members:<\/h3><\/div><div class=\"wp-block-leanpathblocks-testimonials-slider__slider\"><div id=\"testimonials-slider\" class=\"testimonials-slider\">\n<div class=\"wp-block-leanpathblocks-testimonials-slide testimonials-slide testimonials-slide--violet\"><div class=\"testimonials-slide__wrap\"><div class=\"testimonials-slide__text\"><p>&#8222;Ich liebe es, den K\u00f6chen, mit denen ich zusammenarbeite, dabei zu helfen, ihre Ziele zu erreichen. Ich habe das Gef\u00fchl, dass ich wirklich etwas in der Welt bewirke, indem ich mich auf die globale Krise der Lebensmittelverschwendung konzentriere &#8211; das ist ein Gef\u00fchl, das ich vor meiner Arbeit bei Leanpath nie hatte.&#8220;<\/p><\/div><\/div><div class=\"testimonials-slide__author testimonials-author\"><div class=\"testimonials-author__avatar\"><img decoding=\"async\" src=\"https:\/\/www.leanpath.com\/wp-content\/uploads\/2024\/08\/Testimonial-Portrait-Robb.png\" alt=\"\"><\/div><div class=\"testimonials-author__content\"><span class=\"testimonials-author__name\">Robb White<\/span><span class=\"testimonials-author__position\"><span class=\"authors-position\">Chefkoch &amp; Katalysator f\u00fcr die Vermeidung von Lebensmittelabf\u00e4llen<\/span> <br><span class=\"authors-workplace\"><\/span><\/span> <\/div><\/div><\/div>\n\n\n\n<div class=\"wp-block-leanpathblocks-testimonials-slide testimonials-slide testimonials-slide--havelock-blue\"><div class=\"testimonials-slide__wrap\"><div class=\"testimonials-slide__text\"><p>&#8222;Die Arbeit bei Leanpath hat mir nicht nur die M\u00f6glichkeit gegeben, mich mit einem Umweltthema zu besch\u00e4ftigen, das die gr\u00f6\u00dftm\u00f6gliche Aufmerksamkeit verdient, sondern auch mit einer au\u00dfergew\u00f6hnlichen Gruppe von freundlichen und leidenschaftlichen Menschen und Fachleuten zusammenzuarbeiten, die die Arbeit hier zu einem Privileg machen.&#8220;<\/p><\/div><\/div><div class=\"testimonials-slide__author testimonials-author\"><div class=\"testimonials-author__avatar\"><img decoding=\"async\" src=\"https:\/\/www.leanpath.com\/wp-content\/uploads\/2024\/08\/Testimonial-Portrait-esteban.png\" alt=\"\"><\/div><div class=\"testimonials-author__content\"><span class=\"testimonials-author__name\">Esteban Rodas<\/span><span class=\"testimonials-author__position\"><span class=\"authors-position\">Teamleiter Technischer Kundensupport<\/span> <br><span class=\"authors-workplace\"><\/span><\/span> <\/div><\/div><\/div>\n\n\n\n<div class=\"wp-block-leanpathblocks-testimonials-slide testimonials-slide testimonials-slide--wedgewood\"><div class=\"testimonials-slide__wrap\"><div class=\"testimonials-slide__text\"><p>&#8222;Bei Leanpath konzentriere ich mich auf meine Leidenschaft f\u00fcr Kreativit\u00e4t und Probleml\u00f6sung, um ein nachhaltigeres Lebensmittelsystem zu schaffen, w\u00e4hrend ich von einigen der reizendsten Menschen umgeben bin, mit denen ich je das Vergn\u00fcgen hatte, zusammenzuarbeiten!&#8220;<\/p><\/div><\/div><div class=\"testimonials-slide__author testimonials-author\"><div class=\"testimonials-author__avatar\"><img decoding=\"async\" src=\"https:\/\/www.leanpath.com\/wp-content\/uploads\/2024\/08\/Testimonial-Portrait-Stephanie.png\" alt=\"\"><\/div><div class=\"testimonials-author__content\"><span class=\"testimonials-author__name\">Stephanie Smith<\/span><span class=\"testimonials-author__position\"><span class=\"authors-position\">Software-Ingenieurin<\/span> <br><span class=\"authors-workplace\"><\/span><\/span> <\/div><\/div><\/div>\n<\/div><div class=\"wp-block-leanpathblocks-testimonials-slider__nav\"><button class=\"slider-nav-arrow testimonials-slider__prev\" type=\"button\"><img decoding=\"async\" src=\"data:image\/svg+xml;base64,PHN2ZyB4bWxucz0iaHR0cDovL3d3dy53My5vcmcvMjAwMC9zdmciIHdpZHRoPSIzMSIgaGVpZ2h0PSIxNiIgdmlld0JveD0iMCAwIDMxIDE2IiBmaWxsPSJub25lIj4gPHBhdGggZD0iTTEuMTYyNCA3LjI5Mjg5QzAuNzcxODc0IDcuNjgzNDEgMC43NzE4NzMgOC4zMTY1OCAxLjE2MjQgOC43MDcxTDcuNTI2MzYgMTUuMDcxMUM3LjkxNjg4IDE1LjQ2MTYgOC41NTAwNSAxNS40NjE2IDguOTQwNTcgMTUuMDcxMUM5LjMzMTEgMTQuNjgwNSA5LjMzMTEgMTQuMDQ3NCA4Ljk0MDU3IDEzLjY1NjlMMy4yODM3MiA4TDguOTQwNTcgMi4zNDMxNEM5LjMzMTEgMS45NTI2MiA5LjMzMTEgMS4zMTk0NSA4Ljk0MDU3IDAuOTI4OTNDOC41NTAwNSAwLjUzODQwNiA3LjkxNjg4IDAuNTM4NDA2IDcuNTI2MzYgMC45Mjg5M0wxLjE2MjQgNy4yOTI4OVpNMzAuMTMwNCA3TDEuODY5NTEgN0wxLjg2OTUgOUwzMC4xMzA0IDlMMzAuMTMwNCA3WiIgZmlsbD0iIzY1NEREOCIvPiA8L3N2Zz4=\" alt=\"slider nav prev\"\/><\/button><button class=\"slider-nav-arrow testimonials-slider__next\" type=\"button\"><img decoding=\"async\" src=\"data:image\/svg+xml;base64,PHN2ZyB4bWxucz0iaHR0cDovL3d3dy53My5vcmcvMjAwMC9zdmciIHdpZHRoPSIzMSIgaGVpZ2h0PSIxNiIgdmlld0JveD0iMCAwIDMxIDE2IiBmaWxsPSJub25lIj4gPHBhdGggZD0iTTI5LjgzNzYgNy4yOTI4OUMzMC4yMjgxIDcuNjgzNDEgMzAuMjI4MSA4LjMxNjU4IDI5LjgzNzYgOC43MDcxTDIzLjQ3MzYgMTUuMDcxMUMyMy4wODMxIDE1LjQ2MTYgMjIuNDUgMTUuNDYxNiAyMi4wNTk0IDE1LjA3MTFDMjEuNjY4OSAxNC42ODA1IDIxLjY2ODkgMTQuMDQ3NCAyMi4wNTk0IDEzLjY1NjlMMjcuNzE2MyA4TDIyLjA1OTQgMi4zNDMxNEMyMS42Njg5IDEuOTUyNjIgMjEuNjY4OSAxLjMxOTQ1IDIyLjA1OTQgMC45Mjg5M0MyMi40NSAwLjUzODQwNiAyMy4wODMxIDAuNTM4NDA2IDIzLjQ3MzYgMC45Mjg5M0wyOS44Mzc2IDcuMjkyODlaTTAuODY5NjI5IDdMMjkuMTMwNSA3TDI5LjEzMDUgOUwwLjg2OTYyOSA5TDAuODY5NjI5IDdaIiBmaWxsPSIjNjU0REQ4Ii8+IDwvc3ZnPg==\" alt=\"slider nav next\"\/><\/button><\/div><\/div><\/div><\/div>\n\n<div class=\"wp-block-leanpathblocks-full-width-text lp-block lp-block--eggshell lp-block--t-half-b-half lp-block--t-full-b-full@mobile\" id=\"careers\"><div class=\"o-container\"><h3 class=\"block-heading block-heading--violet u-ta-center h3 h2@mobile\">Join Leanpath<\/h3><div class=\"wp-block-leanpathblocks-full-width-text__text block-text u-ta-center block-text--dark\">\n<p class=\"wp-block-leanpathblocks-paragraph\">Werden Sie Teil des Leanpath-Teams und arbeiten Sie zielorientiert<br>umgeben von einem gro\u00dfartigen Team.<\/p>\n<\/div><\/div><\/div>\n\n<div class=\"wp-block-leanpathblocks-open-positions lp-block lp-block--top-half-padding lp-block--bottom-full-padding\"><div class=\"o-container\"><h2 class=\"block-heading h2\">Open Positions<\/h2><div class=\"wp-block-leanpathblocks-open-positions__code\">\n<div id=\"BambooHR\" data-domain=\"leanpath.bamboohr.com\" data-version=\"1.0.0\" data-departmentid=\"\"><\/div><script src=\"https:\/\/leanpath.bamboohr.com\/js\/embed.js\" type=\"text\/javascript\" async=\"\" defer=\"defer\"><\/script>\n<\/div><\/div><\/div>\n\n<div class=\"wp-block-leanpathblocks-media-list lp-block lp-block--full-padding lp-block--dark-green\" id=\"mediahits\"><div class=\"o-container\"><h2 class=\"block-heading block-heading--light h3 u-ta-center\">Recent Media Hits<\/h2><div class=\"wp-block-leanpathblocks-media-list__list\">\n<div class=\"wp-block-leanpathblocks-media-item media-item\"><div class=\"media-item__source\"><span>Bloomberg<\/span><\/div><div class=\"media-item__link\"><a href=\"https:\/\/www.bloomberg.com\/news\/articles\/2024-03-14\/google-is-trying-to-reduce-its-food-waste-without-irritating-employees\" class=\"media-item__link-btn\">  Google versucht, seine Lebensmittelabf\u00e4lle zu reduzieren, ohne die Mitarbeiter zu ver\u00e4rgern<\/a><\/div><\/div>\n\n\n\n<div class=\"wp-block-leanpathblocks-media-item media-item\"><div class=\"media-item__source\"><span>Hotel Management<\/span><\/div><div class=\"media-item__link\"><a href=\"https:\/\/www.hotelmanagement.net\/food-beverage\/two-costa-rica-hotels-cut-food-waste-25\" class=\"media-item__link-btn\">Zwei Hotels in Costa Rica reduzieren Lebensmittelabf\u00e4lle um 25%<\/a><\/div><\/div>\n\n\n\n<div class=\"wp-block-leanpathblocks-media-item media-item\"><div class=\"media-item__source\"><span>Vorsehung<\/span><\/div><div class=\"media-item__link\"><a href=\"https:\/\/blog.providence.org\/blog\/a-new-way-to-count-calories-how-providence-is-cutting-back-on-food-waste\" class=\"media-item__link-btn\">Eine neue Art, Kalorien zu z\u00e4hlen: Wie Providence die Lebensmittelverschwendung eind\u00e4mmt<\/a><\/div><\/div>\n<\/div><\/div><\/div>\n\n<div class=\"wp-block-leanpathblocks-full-width-contact lp-block lp-block--green lp-block--t-half-b-half lp-block--t-full-b-full@mobile\" id=\"media-contact\"><div class=\"o-container\"><div class=\"wp-block-leanpathblocks-full-width-contact__content\"><p class=\"wp-block-leanpathblocks-full-width-contact__content-tag\">Medienkontakt:<br>Sam Smith<br>Sr.\nDirektorin f\u00fcr Marketing <br><a href=\"mailto:ssmith@leanpath.com\">ssmith@leanpath.com<\/a><\/p><\/div><div class=\"wp-block-leanpathblocks-full-width-contact__btn-wrap u-btn-wrap\"><a href=\"https:\/\/www.leanpath.com\/contact\/\" class=\"button button--purple-border-white button--slim\">Kontaktieren Sie uns<\/a><\/div><\/div><\/div>\n","protected":false},"excerpt":{"rendered":"","protected":false},"author":15,"featured_media":5771,"parent":0,"menu_order":0,"comment_status":"closed","ping_status":"closed","template":"","meta":{"content-type":"","inline_featured_image":false,"footnotes":""},"class_list":["post-6896","page","type-page","status-publish","has-post-thumbnail","hentry"],"yoast_head":"<!-- This site is optimized with the Yoast SEO plugin v27.5 - https:\/\/yoast.com\/product\/yoast-seo-wordpress\/ -->\n<title>\u00dcber - Leanpath<\/title>\n<meta name=\"robots\" content=\"index, follow, max-snippet:-1, max-image-preview:large, max-video-preview:-1\" \/>\n<link rel=\"canonical\" href=\"https:\/\/www.leanpath.com\/de\/ueber\/\" \/>\n<meta property=\"og:locale\" content=\"de_DE\" \/>\n<meta property=\"og:type\" content=\"article\" \/>\n<meta property=\"og:title\" content=\"\u00dcber - Leanpath\" \/>\n<meta property=\"og:url\" content=\"https:\/\/www.leanpath.com\/de\/ueber\/\" \/>\n<meta property=\"og:site_name\" content=\"Food Waste Solutions - Leanpath\" \/>\n<meta property=\"article:publisher\" content=\"https:\/\/www.facebook.com\/leanpath\/\" \/>\n<meta property=\"article:modified_time\" content=\"2024-10-07T18:45:47+00:00\" \/>\n<meta property=\"og:image\" content=\"https:\/\/www.leanpath.com\/wp-content\/uploads\/2024\/08\/Screenshot-2024-04-19-at-4.38-2-1.jpg\" \/>\n<meta name=\"twitter:card\" content=\"summary_large_image\" \/>\n<meta name=\"twitter:site\" content=\"@Leanpath\" \/>\n<meta name=\"twitter:label1\" content=\"Gesch\u00e4tzte Lesezeit\" \/>\n\t<meta name=\"twitter:data1\" content=\"3 Minuten\" \/>\n<script type=\"application\/ld+json\" class=\"yoast-schema-graph\">{\"@context\":\"https:\\\/\\\/schema.org\",\"@graph\":[{\"@type\":\"WebPage\",\"@id\":\"https:\\\/\\\/www.leanpath.com\\\/de\\\/ueber\\\/\",\"url\":\"https:\\\/\\\/www.leanpath.com\\\/de\\\/ueber\\\/\",\"name\":\"\u00dcber - Leanpath\",\"isPartOf\":{\"@id\":\"https:\\\/\\\/www.leanpath.com\\\/de\\\/#website\"},\"primaryImageOfPage\":{\"@id\":\"https:\\\/\\\/www.leanpath.com\\\/de\\\/ueber\\\/#primaryimage\"},\"image\":{\"@id\":\"https:\\\/\\\/www.leanpath.com\\\/de\\\/ueber\\\/#primaryimage\"},\"thumbnailUrl\":\"https:\\\/\\\/www.leanpath.com\\\/wp-content\\\/uploads\\\/2024\\\/08\\\/about-mobile.png\",\"datePublished\":\"2024-10-07T18:45:46+00:00\",\"dateModified\":\"2024-10-07T18:45:47+00:00\",\"breadcrumb\":{\"@id\":\"https:\\\/\\\/www.leanpath.com\\\/de\\\/ueber\\\/#breadcrumb\"},\"inLanguage\":\"de-DE\",\"potentialAction\":[{\"@type\":\"ReadAction\",\"target\":[\"https:\\\/\\\/www.leanpath.com\\\/de\\\/ueber\\\/\"]}]},{\"@type\":\"ImageObject\",\"inLanguage\":\"de-DE\",\"@id\":\"https:\\\/\\\/www.leanpath.com\\\/de\\\/ueber\\\/#primaryimage\",\"url\":\"https:\\\/\\\/www.leanpath.com\\\/wp-content\\\/uploads\\\/2024\\\/08\\\/about-mobile.png\",\"contentUrl\":\"https:\\\/\\\/www.leanpath.com\\\/wp-content\\\/uploads\\\/2024\\\/08\\\/about-mobile.png\",\"width\":576,\"height\":400,\"caption\":\"About mobile\"},{\"@type\":\"BreadcrumbList\",\"@id\":\"https:\\\/\\\/www.leanpath.com\\\/de\\\/ueber\\\/#breadcrumb\",\"itemListElement\":[{\"@type\":\"ListItem\",\"position\":1,\"name\":\"Home\",\"item\":\"https:\\\/\\\/www.leanpath.com\\\/de\\\/\"},{\"@type\":\"ListItem\",\"position\":2,\"name\":\"\u00dcber\"}]},{\"@type\":\"WebSite\",\"@id\":\"https:\\\/\\\/www.leanpath.com\\\/de\\\/#website\",\"url\":\"https:\\\/\\\/www.leanpath.com\\\/de\\\/\",\"name\":\"Food Waste Solutions - Leanpath\",\"description\":\"Leanpath | Pioneers in Food Waste Prevention\",\"publisher\":{\"@id\":\"https:\\\/\\\/www.leanpath.com\\\/de\\\/#organization\"},\"potentialAction\":[{\"@type\":\"SearchAction\",\"target\":{\"@type\":\"EntryPoint\",\"urlTemplate\":\"https:\\\/\\\/www.leanpath.com\\\/de\\\/?s={search_term_string}\"},\"query-input\":{\"@type\":\"PropertyValueSpecification\",\"valueRequired\":true,\"valueName\":\"search_term_string\"}}],\"inLanguage\":\"de-DE\"},{\"@type\":\"Organization\",\"@id\":\"https:\\\/\\\/www.leanpath.com\\\/de\\\/#organization\",\"name\":\"Leanpath\",\"url\":\"https:\\\/\\\/www.leanpath.com\\\/de\\\/\",\"logo\":{\"@type\":\"ImageObject\",\"inLanguage\":\"de-DE\",\"@id\":\"https:\\\/\\\/www.leanpath.com\\\/de\\\/#\\\/schema\\\/logo\\\/image\\\/\",\"url\":\"https:\\\/\\\/www.leanpath.com\\\/wp-content\\\/uploads\\\/2018\\\/11\\\/logo-leanpath-h-rgb-175x78.png\",\"contentUrl\":\"https:\\\/\\\/www.leanpath.com\\\/wp-content\\\/uploads\\\/2018\\\/11\\\/logo-leanpath-h-rgb-175x78.png\",\"width\":175,\"height\":78,\"caption\":\"Leanpath\"},\"image\":{\"@id\":\"https:\\\/\\\/www.leanpath.com\\\/de\\\/#\\\/schema\\\/logo\\\/image\\\/\"},\"sameAs\":[\"https:\\\/\\\/www.facebook.com\\\/leanpath\\\/\",\"https:\\\/\\\/x.com\\\/Leanpath\"]}]}<\/script>\n<!-- \/ Yoast SEO plugin. -->","yoast_head_json":{"title":"\u00dcber - Leanpath","robots":{"index":"index","follow":"follow","max-snippet":"max-snippet:-1","max-image-preview":"max-image-preview:large","max-video-preview":"max-video-preview:-1"},"canonical":"https:\/\/www.leanpath.com\/de\/ueber\/","og_locale":"de_DE","og_type":"article","og_title":"\u00dcber - Leanpath","og_url":"https:\/\/www.leanpath.com\/de\/ueber\/","og_site_name":"Food Waste Solutions - Leanpath","article_publisher":"https:\/\/www.facebook.com\/leanpath\/","article_modified_time":"2024-10-07T18:45:47+00:00","og_image":[{"url":"https:\/\/www.leanpath.com\/wp-content\/uploads\/2024\/08\/Screenshot-2024-04-19-at-4.38-2-1.jpg","type":"","width":"","height":""}],"twitter_card":"summary_large_image","twitter_site":"@Leanpath","twitter_misc":{"Gesch\u00e4tzte Lesezeit":"3 Minuten"},"schema":{"@context":"https:\/\/schema.org","@graph":[{"@type":"WebPage","@id":"https:\/\/www.leanpath.com\/de\/ueber\/","url":"https:\/\/www.leanpath.com\/de\/ueber\/","name":"\u00dcber - Leanpath","isPartOf":{"@id":"https:\/\/www.leanpath.com\/de\/#website"},"primaryImageOfPage":{"@id":"https:\/\/www.leanpath.com\/de\/ueber\/#primaryimage"},"image":{"@id":"https:\/\/www.leanpath.com\/de\/ueber\/#primaryimage"},"thumbnailUrl":"https:\/\/www.leanpath.com\/wp-content\/uploads\/2024\/08\/about-mobile.png","datePublished":"2024-10-07T18:45:46+00:00","dateModified":"2024-10-07T18:45:47+00:00","breadcrumb":{"@id":"https:\/\/www.leanpath.com\/de\/ueber\/#breadcrumb"},"inLanguage":"de-DE","potentialAction":[{"@type":"ReadAction","target":["https:\/\/www.leanpath.com\/de\/ueber\/"]}]},{"@type":"ImageObject","inLanguage":"de-DE","@id":"https:\/\/www.leanpath.com\/de\/ueber\/#primaryimage","url":"https:\/\/www.leanpath.com\/wp-content\/uploads\/2024\/08\/about-mobile.png","contentUrl":"https:\/\/www.leanpath.com\/wp-content\/uploads\/2024\/08\/about-mobile.png","width":576,"height":400,"caption":"About mobile"},{"@type":"BreadcrumbList","@id":"https:\/\/www.leanpath.com\/de\/ueber\/#breadcrumb","itemListElement":[{"@type":"ListItem","position":1,"name":"Home","item":"https:\/\/www.leanpath.com\/de\/"},{"@type":"ListItem","position":2,"name":"\u00dcber"}]},{"@type":"WebSite","@id":"https:\/\/www.leanpath.com\/de\/#website","url":"https:\/\/www.leanpath.com\/de\/","name":"Food Waste Solutions - Leanpath","description":"Leanpath | Pioneers in Food Waste Prevention","publisher":{"@id":"https:\/\/www.leanpath.com\/de\/#organization"},"potentialAction":[{"@type":"SearchAction","target":{"@type":"EntryPoint","urlTemplate":"https:\/\/www.leanpath.com\/de\/?s={search_term_string}"},"query-input":{"@type":"PropertyValueSpecification","valueRequired":true,"valueName":"search_term_string"}}],"inLanguage":"de-DE"},{"@type":"Organization","@id":"https:\/\/www.leanpath.com\/de\/#organization","name":"Leanpath","url":"https:\/\/www.leanpath.com\/de\/","logo":{"@type":"ImageObject","inLanguage":"de-DE","@id":"https:\/\/www.leanpath.com\/de\/#\/schema\/logo\/image\/","url":"https:\/\/www.leanpath.com\/wp-content\/uploads\/2018\/11\/logo-leanpath-h-rgb-175x78.png","contentUrl":"https:\/\/www.leanpath.com\/wp-content\/uploads\/2018\/11\/logo-leanpath-h-rgb-175x78.png","width":175,"height":78,"caption":"Leanpath"},"image":{"@id":"https:\/\/www.leanpath.com\/de\/#\/schema\/logo\/image\/"},"sameAs":["https:\/\/www.facebook.com\/leanpath\/","https:\/\/x.com\/Leanpath"]}]}},"_links":{"self":[{"href":"https:\/\/www.leanpath.com\/de\/wp-json\/wp\/v2\/pages\/6896","targetHints":{"allow":["GET"]}}],"collection":[{"href":"https:\/\/www.leanpath.com\/de\/wp-json\/wp\/v2\/pages"}],"about":[{"href":"https:\/\/www.leanpath.com\/de\/wp-json\/wp\/v2\/types\/page"}],"author":[{"embeddable":true,"href":"https:\/\/www.leanpath.com\/de\/wp-json\/wp\/v2\/users\/15"}],"replies":[{"embeddable":true,"href":"https:\/\/www.leanpath.com\/de\/wp-json\/wp\/v2\/comments?post=6896"}],"version-history":[{"count":0,"href":"https:\/\/www.leanpath.com\/de\/wp-json\/wp\/v2\/pages\/6896\/revisions"}],"wp:featuredmedia":[{"embeddable":true,"href":"https:\/\/www.leanpath.com\/de\/wp-json\/wp\/v2\/media\/5771"}],"wp:attachment":[{"href":"https:\/\/www.leanpath.com\/de\/wp-json\/wp\/v2\/media?parent=6896"}],"curies":[{"name":"wp","href":"https:\/\/api.w.org\/{rel}","templated":true}]}}