{"id":6892,"date":"2024-10-03T01:11:01","date_gmt":"2024-10-03T08:11:01","guid":{"rendered":"https:\/\/www.leanpath.com\/prueba\/"},"modified":"2024-10-08T05:53:31","modified_gmt":"2024-10-08T12:53:31","slug":"prueba","status":"publish","type":"page","link":"https:\/\/www.leanpath.com\/es\/prueba\/","title":{"rendered":"Prueba"},"content":{"rendered":"\n<div class=\"wp-block-leanpathblocks-content-grid lp-block lp-block--dark-green lp-block--t-full-b-full lp-block--t-full-b-full@mobile\"><div class=\"o-container\"><h3 class=\"block-heading block-heading--light u-ta-left h2 h2@mobile\">Nuestros valores<\/h3><div class=\"wp-block-leanpathblocks-content-grid__grid content-grid content-grid--col-3\">\n<div class=\"wp-block-leanpathblocks-content-grid-item content-grid-item\"><div class=\"content-grid-item__title h5 h5--green\">Impulso y productividad<\/div><div class=\"content-grid-item__text block-text block-text--light\"><p>Somos motivados, trabajadores,<br>competitivos y actuamos con urgencia.<\/p><\/div><\/div>\n\n\n\n<div class=\"wp-block-leanpathblocks-content-grid-item content-grid-item\"><div class=\"content-grid-item__title h5 h5--green\">Excelencia<\/div><div class=\"content-grid-item__text block-text block-text--light\"><p>Perseguimos la excelencia, la calidad y el pulido en cada uno de los principales puntos de impacto de nuestro negocio.<\/p><\/div><\/div>\n\n\n\n<div class=\"wp-block-leanpathblocks-content-grid-item content-grid-item\"><div class=\"content-grid-item__title h5 h5--green\">Equidad<\/div><div class=\"content-grid-item__text block-text block-text--light\"><p>Somos sinceros, respetuosos y dirigimos con integridad.<\/p><\/div><\/div>\n\n\n\n<div class=\"wp-block-leanpathblocks-content-grid-item content-grid-item\"><div class=\"content-grid-item__title h5 h5--green\">Humildad<\/div><div class=\"content-grid-item__text block-text block-text--light\"><p>No hay lugar para el ego; combinamos la confianza con una mentalidad de crecimiento.<\/p><\/div><\/div>\n\n\n\n<div class=\"wp-block-leanpathblocks-content-grid-item content-grid-item\"><div class=\"content-grid-item__title h5 h5--green\">Amabilidad<\/div><div class=\"content-grid-item__text block-text block-text--light\"><p>Nos apoyamos mutuamente para llegar a ser lo mejor de nosotros mismos.<\/p><\/div><\/div>\n\n\n\n<div class=\"wp-block-leanpathblocks-content-grid-item content-grid-item\"><div class=\"content-grid-item__title h5 h5--green\">Trabajo en equipo<\/div><div class=\"content-grid-item__text block-text block-text--light\"><p>Somos One Leanpath colaborando en todo el mundo en nuestra misi\u00f3n.<\/p><\/div><\/div>\n<\/div><\/div><\/div>\n\n<div class=\"wp-block-leanpathblocks-contact-person lp-block lp-block--full-padding lp-block--green\"><div class=\"o-container\"><h3 class=\"wp-block-leanpathblocks-contact-person__title block-heading block-heading--dark-green-v2 h2\">Leanpath 12.3 Initiative \u2013 Contact&nbsp;Us<div class=\"contact-person-wrap\" style=\"box-sizing: inherit; margin-right: 0px; margin-bottom: 0px; margin-left: 0px; padding: 0px; display: flex; color: rgb(0, 0, 0); font-family: Lato, serif; font-size: 16px; font-weight: 400; letter-spacing: normal; white-space-collapse: collapse;\"><\/div><\/h3><div class=\"contact-person-wrap\"><div class=\"contact-person-wrap__person\"><img decoding=\"async\" src=\"https:\/\/www.leanpath.com\/wp-content\/uploads\/2024\/08\/Profile-Image.png\" alt=\"Profile-Image\" data-id=\"5272\"\/><div class=\"contact-person-wrap__name h6 h6--dark u-ta-center\">Steve Finn<\/div><div class=\"contact-person-wrap__position u-ta-center\">VP de Sostenibilidad y Asuntos P\u00fablicos<\/div><\/div><div class=\"contact-person-wrap__content\"><div class=\"contact-person-wrap__text block-text\">\n<p class=\"wp-block-leanpathblocks-paragraph\">La Iniciativa Leanpath 12.3 est\u00e1 dirigida por el Director Ejecutivo Steven Finn.\nSteven es<br>miembro del &nbsp;<a href=\"https:\/\/www.leanpath.com\/es\/acerca-de\/#leanpathteam\">Equipo directivo de Leanpath<\/a>&nbsp;y ense\u00f1a Innovaci\u00f3n para la Sostenibilidad<br>con especial atenci\u00f3n a las cuestiones relacionadas con la alimentaci\u00f3n, el agua y el nexo energ\u00e9tico en la<br>Universidad de Pensilvania.<\/p>\n\n\n\n<p class=\"wp-block-leanpathblocks-paragraph\">Steve tiene una amplia experiencia en estrategias de reducci\u00f3n y prevenci\u00f3n de residuos alimentarios<br>, y habla con frecuencia en eventos mundiales del sector y proporciona a los clientes de Leanpath una visi\u00f3n estrat\u00e9gica de<br>.<\/p>\n\n\n\n<p class=\"wp-block-leanpathblocks-paragraph\">Ha investigado a fondo los problemas de la seguridad alimentaria y<br>el despilfarro mundial de alimentos, desarrollando asociaciones p\u00fablico-privadas innovadoras para<br>capturar y redistribuir el exceso de alimentos.\nHa formado parte de varios consejos sin \u00e1nimo de lucro<br>centrados en la seguridad alimentaria, y es autor del blog &nbsp;<a href=\"https:\/\/foodforthoughtfulaction.com\/\">Alimentos para<br>Acci\u00f3n reflexiva<\/a>.<\/p>\n<\/div><div class=\"contact-person-wrap__btn-wrap u-btn-wrap\"><a href=\"initiative@leanpath.com\" class=\"button button--purple-border-white button--slim\">Env\u00eda un correo electr\u00f3nico a la Iniciativa Leanpath 12.3<\/a><\/div><div class=\"contact-person-wrap__subtitle block-heading block-heading--dark-green-v2 h5\">Ay\u00fadanos a avanzar en la misi\u00f3n de la Iniciativa Leanpath 12.3 de acelerar la prevenci\u00f3n del desperdicio de alimentos en todo el mundo.<\/div><\/div><\/div><\/div><\/div>\n\n<div class=\"wp-block-leanpathblocks-faq lp-block lp-block--full-padding lp-block--dark-green\"><div class=\"o-container\"><h2 class=\"wp-block-leanpathblocks-faq__title block-heading block-heading--light h2\">Preguntas frecuentes<\/h2><div class=\"wp-block-leanpathblocks-faq__text block-text block-text--big block-text--light\"><p>Minimizamos nuestro impacto en el mundo tomando decisiones conscientes en el trabajo, en casa y educando a los dem\u00e1s.<\/p><\/div><div class=\"wp-block-leanpathblocks-faq__content\">\n<div class=\"wp-block-leanpathblocks-faq-item accordion-item accordion-item--light\"><span class=\"accordion-item__icon js-open-accordion\"><img decoding=\"async\" src=\"data:image\/svg+xml;base64,PHN2ZyB4bWxucz0iaHR0cDovL3d3dy53My5vcmcvMjAwMC9zdmciIHdpZHRoPSIzNiIgaGVpZ2h0PSIzNiIgdmlld0JveD0iMCAwIDM2IDM2IiBmaWxsPSJub25lIj4gPHBhdGggZD0iTTE3LjY3NzggMzUuNjc3N0wzMS45NTQ2IDIxLjQwMDlDMzIuNDE3OCAyMC45Mzc3IDMyLjQxNzggMjAuMTkxNSAzMS45NTQ2IDE5LjcyODNDMzEuNDkxNCAxOS4yNjUxIDMwLjc0NTIgMTkuMjY1MSAzMC4yODIgMTkuNzI4M0wxOC44NTcyIDMxLjE1MzJMMTguODYxNSAxLjk5NDg5QzE4Ljg2MTUgMS4zNDMwMiAxOC4zMjk3IDAuODExMjMyIDE3LjY3NzggMC44MTEyMzJDMTcuMzUxOSAwLjgxMTIzMiAxNy4wNTYgMC45NDQxOCAxNi44NDE1IDEuMTU4NjFDMTYuNjI3MSAxLjM3MzA0IDE2LjQ5NDEgMS42Njg5NiAxNi40OTQxIDEuOTk0ODlMMTYuNDk4NCAzMS4xNTMyTDUuMDczNTYgMTkuNzI4M0M0LjYxMDM5IDE5LjI2NTEgMy44NjQxNyAxOS4yNjUxIDMuNDAxIDE5LjcyODNDMi45Mzc4MyAyMC4xOTE1IDIuOTM3ODMgMjAuOTM3NyAzLjQwMSAyMS40MDA5TDE3LjY3NzggMzUuNjc3N1oiIGZpbGw9IiNGNkZEREEiLz4gPC9zdmc+\" alt=\"\"><\/span><div class=\"accordion-item__header js-open-accordion\"><span class=\"accordion-item__title h4 h4--light h3@mobile\">\u00bfDe d\u00f3nde procede el nombre de la Iniciativa Leanpath 12.3?<\/span><\/div><div class=\"accordion-item__content\"><div class=\"accordion-item__wrap\"><div class=\"accordion-item__content__block-text block-text block-text--light\"><p>A finales de 2015, las Naciones Unidas lanzaron 17 Objetivos de Desarrollo Sostenible (ODS) centrados en abordar retos mundiales clave como la pobreza, la desigualdad y el cambio clim\u00e1tico.\nNuestro sistema alimentario est\u00e1 cr\u00edticamente vinculado a estos tres temas y a los 17 objetivos, y una fuerte reducci\u00f3n del desperdicio alimentario beneficiar\u00eda a todos ellos. <\/p><\/div><\/div><\/div><\/div>\n\n\n\n<div class=\"wp-block-leanpathblocks-faq-item accordion-item accordion-item--light\"><span class=\"accordion-item__icon js-open-accordion\"><img decoding=\"async\" src=\"data:image\/svg+xml;base64,PHN2ZyB4bWxucz0iaHR0cDovL3d3dy53My5vcmcvMjAwMC9zdmciIHdpZHRoPSIzNiIgaGVpZ2h0PSIzNiIgdmlld0JveD0iMCAwIDM2IDM2IiBmaWxsPSJub25lIj4gPHBhdGggZD0iTTE3LjY3NzggMzUuNjc3N0wzMS45NTQ2IDIxLjQwMDlDMzIuNDE3OCAyMC45Mzc3IDMyLjQxNzggMjAuMTkxNSAzMS45NTQ2IDE5LjcyODNDMzEuNDkxNCAxOS4yNjUxIDMwLjc0NTIgMTkuMjY1MSAzMC4yODIgMTkuNzI4M0wxOC44NTcyIDMxLjE1MzJMMTguODYxNSAxLjk5NDg5QzE4Ljg2MTUgMS4zNDMwMiAxOC4zMjk3IDAuODExMjMyIDE3LjY3NzggMC44MTEyMzJDMTcuMzUxOSAwLjgxMTIzMiAxNy4wNTYgMC45NDQxOCAxNi44NDE1IDEuMTU4NjFDMTYuNjI3MSAxLjM3MzA0IDE2LjQ5NDEgMS42Njg5NiAxNi40OTQxIDEuOTk0ODlMMTYuNDk4NCAzMS4xNTMyTDUuMDczNTYgMTkuNzI4M0M0LjYxMDM5IDE5LjI2NTEgMy44NjQxNyAxOS4yNjUxIDMuNDAxIDE5LjcyODNDMi45Mzc4MyAyMC4xOTE1IDIuOTM3ODMgMjAuOTM3NyAzLjQwMSAyMS40MDA5TDE3LjY3NzggMzUuNjc3N1oiIGZpbGw9IiNGNkZEREEiLz4gPC9zdmc+\" alt=\"\"><\/span><div class=\"accordion-item__header js-open-accordion\"><span class=\"accordion-item__title h4 h4--light h3@mobile\">\u00bfDe d\u00f3nde procede el nombre de la Iniciativa Leanpath 12.3?<\/span><\/div><div class=\"accordion-item__content\"><div class=\"accordion-item__wrap\"><div class=\"accordion-item__content__block-text block-text block-text--light\"><p>A finales de 2015, las Naciones Unidas lanzaron 17 Objetivos de Desarrollo Sostenible (ODS) centrados en abordar retos mundiales clave como la pobreza, la desigualdad y el cambio clim\u00e1tico.\nNuestro sistema alimentario est\u00e1 cr\u00edticamente vinculado a estos tres temas y a los 17 objetivos, y una fuerte reducci\u00f3n del desperdicio alimentario beneficiar\u00eda a todos ellos. <\/p><\/div><\/div><\/div><\/div>\n<\/div><\/div><\/div>\n\n<div class=\"wp-block-leanpathblocks-full-width-text lp-block lp-block--violet lp-block--t-full-b-full lp-block--t-full-b-full@mobile\"><div class=\"o-container\"><h3 class=\"block-heading wp-block-leanpathblocks-full-width-text__subtitle block-heading--light u-ta-left h3 h2@mobile\">Soluciones probadas de residuos alimentarios para la gesti\u00f3n de contratos y cuentas multisitio<\/h3><div class=\"block-heading wp-block-leanpathblocks-full-width-text__subtitle block-heading--light u-ta-left h4 h4@mobile\"><p>Porque las grandes organizaciones de servicios alimentarios necesitan una soluci\u00f3n de gesti\u00f3n de residuos de la industria alimentaria llave en mano que se despliegue a escala<\/p><\/div><div class=\"wp-block-leanpathblocks-full-width-text__text block-text u-ta-left block-text--light\">\n<p class=\"wp-block-leanpathblocks-paragraph\">Las grandes organizaciones de servicios alimentarios llevan a cabo operaciones muy complejas que pueden atravesar segmentos, desde la sanidad y la ense\u00f1anza superior hasta las cuentas corporativas y los hoteles.<\/p>\n\n\n\n<p class=\"wp-block-leanpathblocks-paragraph\">Para hacer frente al despilfarro de alimentos a esa escala, Leanpath ha desarrollado soluciones de gesti\u00f3n de los residuos de la industria alimentaria que permiten elaborar informes exhaustivos sobre el \u00e9xito y realizar un seguimiento en m\u00faltiples centros y zonas geogr\u00e1ficas, lo que proporciona una clara visibilidad del despliegue, el compromiso y el \u00e9xito del programa.<\/p>\n<\/div><div class=\"wp-block-leanpathblocks-full-width-text__btn-wrap u-btn-wrap u-btn-wrap--left\"><a href=\"#\" class=\"button button--slim button--green\">Contacta con nosotros<\/a><\/div><\/div><\/div>\n\n<p><\/p>\n","protected":false},"excerpt":{"rendered":"","protected":false},"author":15,"featured_media":0,"parent":0,"menu_order":0,"comment_status":"closed","ping_status":"closed","template":"","meta":{"content-type":"","inline_featured_image":false,"footnotes":""},"class_list":["post-6892","page","type-page","status-publish","hentry"],"yoast_head":"<!-- This site is optimized with the Yoast SEO plugin v27.4 - https:\/\/yoast.com\/product\/yoast-seo-wordpress\/ -->\n<title>Prueba &#187; Food Waste Solutions - Leanpath<\/title>\n<meta name=\"robots\" content=\"index, follow, max-snippet:-1, max-image-preview:large, max-video-preview:-1\" \/>\n<link rel=\"canonical\" href=\"https:\/\/www.leanpath.com\/es\/prueba\/\" \/>\n<meta property=\"og:locale\" content=\"es_ES\" \/>\n<meta property=\"og:type\" content=\"article\" \/>\n<meta property=\"og:title\" content=\"Prueba &#187; Food Waste Solutions - Leanpath\" \/>\n<meta property=\"og:url\" content=\"https:\/\/www.leanpath.com\/es\/prueba\/\" \/>\n<meta property=\"og:site_name\" content=\"Food Waste Solutions - Leanpath\" \/>\n<meta property=\"article:publisher\" content=\"https:\/\/www.facebook.com\/leanpath\/\" \/>\n<meta property=\"article:modified_time\" content=\"2024-10-08T12:53:31+00:00\" \/>\n<meta property=\"og:image\" content=\"https:\/\/www.leanpath.com\/wp-content\/uploads\/2024\/08\/Profile-Image.png\" \/>\n<meta name=\"twitter:card\" content=\"summary_large_image\" \/>\n<meta name=\"twitter:site\" content=\"@Leanpath\" \/>\n<meta name=\"twitter:label1\" content=\"Tiempo de lectura\" \/>\n\t<meta name=\"twitter:data1\" content=\"3 minutos\" \/>\n<script type=\"application\/ld+json\" class=\"yoast-schema-graph\">{\"@context\":\"https:\\\/\\\/schema.org\",\"@graph\":[{\"@type\":\"WebPage\",\"@id\":\"https:\\\/\\\/www.leanpath.com\\\/es\\\/prueba\\\/\",\"url\":\"https:\\\/\\\/www.leanpath.com\\\/es\\\/prueba\\\/\",\"name\":\"Prueba &#187; Food Waste Solutions - Leanpath\",\"isPartOf\":{\"@id\":\"https:\\\/\\\/www.leanpath.com\\\/es\\\/#website\"},\"primaryImageOfPage\":{\"@id\":\"https:\\\/\\\/www.leanpath.com\\\/es\\\/prueba\\\/#primaryimage\"},\"image\":{\"@id\":\"https:\\\/\\\/www.leanpath.com\\\/es\\\/prueba\\\/#primaryimage\"},\"thumbnailUrl\":\"https:\\\/\\\/www.leanpath.com\\\/wp-content\\\/uploads\\\/2024\\\/08\\\/Profile-Image.png\",\"datePublished\":\"2024-10-03T08:11:01+00:00\",\"dateModified\":\"2024-10-08T12:53:31+00:00\",\"breadcrumb\":{\"@id\":\"https:\\\/\\\/www.leanpath.com\\\/es\\\/prueba\\\/#breadcrumb\"},\"inLanguage\":\"es\",\"potentialAction\":[{\"@type\":\"ReadAction\",\"target\":[\"https:\\\/\\\/www.leanpath.com\\\/es\\\/prueba\\\/\"]}]},{\"@type\":\"ImageObject\",\"inLanguage\":\"es\",\"@id\":\"https:\\\/\\\/www.leanpath.com\\\/es\\\/prueba\\\/#primaryimage\",\"url\":\"https:\\\/\\\/www.leanpath.com\\\/wp-content\\\/uploads\\\/2024\\\/08\\\/Profile-Image.png\",\"contentUrl\":\"https:\\\/\\\/www.leanpath.com\\\/wp-content\\\/uploads\\\/2024\\\/08\\\/Profile-Image.png\"},{\"@type\":\"BreadcrumbList\",\"@id\":\"https:\\\/\\\/www.leanpath.com\\\/es\\\/prueba\\\/#breadcrumb\",\"itemListElement\":[{\"@type\":\"ListItem\",\"position\":1,\"name\":\"Home\",\"item\":\"https:\\\/\\\/www.leanpath.com\\\/es\\\/\"},{\"@type\":\"ListItem\",\"position\":2,\"name\":\"Prueba\"}]},{\"@type\":\"WebSite\",\"@id\":\"https:\\\/\\\/www.leanpath.com\\\/es\\\/#website\",\"url\":\"https:\\\/\\\/www.leanpath.com\\\/es\\\/\",\"name\":\"Food Waste Solutions - Leanpath\",\"description\":\"Leanpath | Pioneers in Food Waste Prevention\",\"publisher\":{\"@id\":\"https:\\\/\\\/www.leanpath.com\\\/es\\\/#organization\"},\"potentialAction\":[{\"@type\":\"SearchAction\",\"target\":{\"@type\":\"EntryPoint\",\"urlTemplate\":\"https:\\\/\\\/www.leanpath.com\\\/es\\\/?s={search_term_string}\"},\"query-input\":{\"@type\":\"PropertyValueSpecification\",\"valueRequired\":true,\"valueName\":\"search_term_string\"}}],\"inLanguage\":\"es\"},{\"@type\":\"Organization\",\"@id\":\"https:\\\/\\\/www.leanpath.com\\\/es\\\/#organization\",\"name\":\"Leanpath\",\"url\":\"https:\\\/\\\/www.leanpath.com\\\/es\\\/\",\"logo\":{\"@type\":\"ImageObject\",\"inLanguage\":\"es\",\"@id\":\"https:\\\/\\\/www.leanpath.com\\\/es\\\/#\\\/schema\\\/logo\\\/image\\\/\",\"url\":\"https:\\\/\\\/www.leanpath.com\\\/wp-content\\\/uploads\\\/2018\\\/11\\\/logo-leanpath-h-rgb-175x78.png\",\"contentUrl\":\"https:\\\/\\\/www.leanpath.com\\\/wp-content\\\/uploads\\\/2018\\\/11\\\/logo-leanpath-h-rgb-175x78.png\",\"width\":175,\"height\":78,\"caption\":\"Leanpath\"},\"image\":{\"@id\":\"https:\\\/\\\/www.leanpath.com\\\/es\\\/#\\\/schema\\\/logo\\\/image\\\/\"},\"sameAs\":[\"https:\\\/\\\/www.facebook.com\\\/leanpath\\\/\",\"https:\\\/\\\/x.com\\\/Leanpath\"]}]}<\/script>\n<!-- \/ Yoast SEO plugin. -->","yoast_head_json":{"title":"Prueba &#187; Food Waste Solutions - Leanpath","robots":{"index":"index","follow":"follow","max-snippet":"max-snippet:-1","max-image-preview":"max-image-preview:large","max-video-preview":"max-video-preview:-1"},"canonical":"https:\/\/www.leanpath.com\/es\/prueba\/","og_locale":"es_ES","og_type":"article","og_title":"Prueba &#187; Food Waste Solutions - Leanpath","og_url":"https:\/\/www.leanpath.com\/es\/prueba\/","og_site_name":"Food Waste Solutions - Leanpath","article_publisher":"https:\/\/www.facebook.com\/leanpath\/","article_modified_time":"2024-10-08T12:53:31+00:00","og_image":[{"url":"https:\/\/www.leanpath.com\/wp-content\/uploads\/2024\/08\/Profile-Image.png","type":"","width":"","height":""}],"twitter_card":"summary_large_image","twitter_site":"@Leanpath","twitter_misc":{"Tiempo de lectura":"3 minutos"},"schema":{"@context":"https:\/\/schema.org","@graph":[{"@type":"WebPage","@id":"https:\/\/www.leanpath.com\/es\/prueba\/","url":"https:\/\/www.leanpath.com\/es\/prueba\/","name":"Prueba &#187; Food Waste Solutions - Leanpath","isPartOf":{"@id":"https:\/\/www.leanpath.com\/es\/#website"},"primaryImageOfPage":{"@id":"https:\/\/www.leanpath.com\/es\/prueba\/#primaryimage"},"image":{"@id":"https:\/\/www.leanpath.com\/es\/prueba\/#primaryimage"},"thumbnailUrl":"https:\/\/www.leanpath.com\/wp-content\/uploads\/2024\/08\/Profile-Image.png","datePublished":"2024-10-03T08:11:01+00:00","dateModified":"2024-10-08T12:53:31+00:00","breadcrumb":{"@id":"https:\/\/www.leanpath.com\/es\/prueba\/#breadcrumb"},"inLanguage":"es","potentialAction":[{"@type":"ReadAction","target":["https:\/\/www.leanpath.com\/es\/prueba\/"]}]},{"@type":"ImageObject","inLanguage":"es","@id":"https:\/\/www.leanpath.com\/es\/prueba\/#primaryimage","url":"https:\/\/www.leanpath.com\/wp-content\/uploads\/2024\/08\/Profile-Image.png","contentUrl":"https:\/\/www.leanpath.com\/wp-content\/uploads\/2024\/08\/Profile-Image.png"},{"@type":"BreadcrumbList","@id":"https:\/\/www.leanpath.com\/es\/prueba\/#breadcrumb","itemListElement":[{"@type":"ListItem","position":1,"name":"Home","item":"https:\/\/www.leanpath.com\/es\/"},{"@type":"ListItem","position":2,"name":"Prueba"}]},{"@type":"WebSite","@id":"https:\/\/www.leanpath.com\/es\/#website","url":"https:\/\/www.leanpath.com\/es\/","name":"Food Waste Solutions - Leanpath","description":"Leanpath | Pioneers in Food Waste Prevention","publisher":{"@id":"https:\/\/www.leanpath.com\/es\/#organization"},"potentialAction":[{"@type":"SearchAction","target":{"@type":"EntryPoint","urlTemplate":"https:\/\/www.leanpath.com\/es\/?s={search_term_string}"},"query-input":{"@type":"PropertyValueSpecification","valueRequired":true,"valueName":"search_term_string"}}],"inLanguage":"es"},{"@type":"Organization","@id":"https:\/\/www.leanpath.com\/es\/#organization","name":"Leanpath","url":"https:\/\/www.leanpath.com\/es\/","logo":{"@type":"ImageObject","inLanguage":"es","@id":"https:\/\/www.leanpath.com\/es\/#\/schema\/logo\/image\/","url":"https:\/\/www.leanpath.com\/wp-content\/uploads\/2018\/11\/logo-leanpath-h-rgb-175x78.png","contentUrl":"https:\/\/www.leanpath.com\/wp-content\/uploads\/2018\/11\/logo-leanpath-h-rgb-175x78.png","width":175,"height":78,"caption":"Leanpath"},"image":{"@id":"https:\/\/www.leanpath.com\/es\/#\/schema\/logo\/image\/"},"sameAs":["https:\/\/www.facebook.com\/leanpath\/","https:\/\/x.com\/Leanpath"]}]}},"_links":{"self":[{"href":"https:\/\/www.leanpath.com\/es\/wp-json\/wp\/v2\/pages\/6892","targetHints":{"allow":["GET"]}}],"collection":[{"href":"https:\/\/www.leanpath.com\/es\/wp-json\/wp\/v2\/pages"}],"about":[{"href":"https:\/\/www.leanpath.com\/es\/wp-json\/wp\/v2\/types\/page"}],"author":[{"embeddable":true,"href":"https:\/\/www.leanpath.com\/es\/wp-json\/wp\/v2\/users\/15"}],"replies":[{"embeddable":true,"href":"https:\/\/www.leanpath.com\/es\/wp-json\/wp\/v2\/comments?post=6892"}],"version-history":[{"count":0,"href":"https:\/\/www.leanpath.com\/es\/wp-json\/wp\/v2\/pages\/6892\/revisions"}],"wp:attachment":[{"href":"https:\/\/www.leanpath.com\/es\/wp-json\/wp\/v2\/media?parent=6892"}],"curies":[{"name":"wp","href":"https:\/\/api.w.org\/{rel}","templated":true}]}}